{"id":32,"date":"2022-03-10T11:30:15","date_gmt":"2022-03-10T11:30:15","guid":{"rendered":"https:\/\/tecnopuertas.com\/cortafuegos\/?page_id=32"},"modified":"2022-05-03T10:52:01","modified_gmt":"2022-05-03T10:52:01","slug":"qui-som","status":"publish","type":"page","link":"https:\/\/tecnopuertas.com\/index.php\/qui-som\/","title":{"rendered":"Qui som?"},"content":{"rendered":"\n<figure class=\"wp-block-image alignwide size-full\"><img loading=\"lazy\" decoding=\"async\" width=\"2100\" height=\"654\" src=\"https:\/\/tecnopuertas.com\/wp-content\/uploads\/2022\/05\/Logo-tecnopuertas-animacion-2-2100px.gif\" alt=\"Grupo TECNO PUERTAS\" class=\"wp-image-1016\"\/><\/figure>\n\n\n\n<div class=\"wp-block-cover alignfull is-light has-parallax tw-mb-0\" style=\"background-image:url(https:\/\/tecnopuertas.com\/cortafuegos\/wp-content\/uploads\/2022\/03\/NIDO-DE-ABEJA-TECNO_PUERTAS.jpg)\"><span aria-hidden=\"true\" class=\"has-background-dim-0 wp-block-cover__gradient-background has-background-dim\"><\/span><div class=\"wp-block-cover__inner-container is-layout-flow wp-block-cover-is-layout-flow\">\n<h1 class=\"alignwide has-text-align-center wp-block-heading\"><strong>Estem especialitzats en portes tallafocs i d&#8217;alta seguretat.<\/strong><\/h1>\n<\/div><\/div>\n\n\n\n<div class=\"wp-block-getwid-media-text-slider alignfull wp-block-getwid-media-text-slider--current-slide-1 has-arrows-none has-dots-none\" data-labels=\"[&quot;Slide 1&quot;,&quot;Slide 2&quot;,&quot;Slide 3&quot;]\" data-animation=\"fadeIn\" data-duration=\"1500ms\" data-delay=\"3ms\"><div class=\"wp-block-getwid-media-text-slider__slides-wrapper\"><div class=\"wp-block-getwid-media-text-slider__content\" data-slide-effect=\"\" data-slide-autoplay=\"true\" data-slide-pause-on-hover=\"false\" data-slide-autoplay-speed=\"4500\" data-slide-speed=\"1000\" data-infinite=\"true\">\n<div style=\"min-height:700px\" class=\"wp-block-getwid-media-text-slider-slide wp-block-getwid-media-text-slider-slide__content-wrapper slide-1\"><div style=\"padding-top:150px;padding-bottom:100px;padding-left:33px;padding-right:33px;min-height:700px;align-items:flex-end\" class=\"wp-block-getwid-media-text-slider-slide__content\">\n<div class=\"wp-block-getwid-media-text-slider-slide-content\"><figure class=\"wp-block-getwid-media-text-slider-slide-content__media\"><img loading=\"lazy\" decoding=\"async\" width=\"1920\" height=\"1280\" src=\"http:\/\/tecnopuertas.com\/cortafuegos\/wp-content\/uploads\/2022\/03\/barcelona-hotel-vela.jpg\" alt=\"Grupo TECNO PUERTAS va subministrar les portes de seguretat per a l'Hotel Vela.\" class=\"wp-block-getwid-media-text-slider-slide-content__image wp-image-371\" srcset=\"https:\/\/tecnopuertas.com\/wp-content\/uploads\/2022\/03\/barcelona-hotel-vela.jpg 1920w, https:\/\/tecnopuertas.com\/wp-content\/uploads\/2022\/03\/barcelona-hotel-vela-300x200.jpg 300w, https:\/\/tecnopuertas.com\/wp-content\/uploads\/2022\/03\/barcelona-hotel-vela-1024x683.jpg 1024w, https:\/\/tecnopuertas.com\/wp-content\/uploads\/2022\/03\/barcelona-hotel-vela-768x512.jpg 768w, https:\/\/tecnopuertas.com\/wp-content\/uploads\/2022\/03\/barcelona-hotel-vela-1536x1024.jpg 1536w, https:\/\/tecnopuertas.com\/wp-content\/uploads\/2022\/03\/barcelona-hotel-vela-1568x1045.jpg 1568w, https:\/\/tecnopuertas.com\/wp-content\/uploads\/2022\/03\/barcelona-hotel-vela-600x400.jpg 600w\" sizes=\"auto, (max-width: 1920px) 100vw, 1920px\" \/><div class=\"wp-block-getwid-media-text-slider-slide-content__media-overlay\" style=\"opacity:0.11\"><\/div><\/figure><div class=\"wp-block-getwid-media-text-slider-slide-content__content\"><div class=\"wp-block-getwid-media-text-slider-slide-content__content-wrapper\">\n<h3 class=\"alignfull has-text-align-center wp-block-heading\"><strong>El Grup Tecnopuertas va subministrar portes per a l&#8217;Hotel Vela.<\/strong><\/h3>\n<\/div><\/div><\/div>\n<\/div><\/div>\n\n\n\n<div style=\"min-height:700px\" class=\"wp-block-getwid-media-text-slider-slide wp-block-getwid-media-text-slider-slide__content-wrapper slide-2\"><div style=\"padding-top:150px;padding-bottom:100px;padding-left:33px;padding-right:33px;min-height:700px;align-items:flex-end\" class=\"wp-block-getwid-media-text-slider-slide__content\">\n<div class=\"wp-block-getwid-media-text-slider-slide-content\"><figure class=\"wp-block-getwid-media-text-slider-slide-content__media\"><img loading=\"lazy\" decoding=\"async\" width=\"2016\" height=\"1512\" src=\"http:\/\/tecnopuertas.com\/cortafuegos\/wp-content\/uploads\/2022\/03\/hospital-granollers.jpg\" alt=\"Portes de seguretat del Grup TECNO PUERTAS a l'hospital de Granollers.\" class=\"wp-block-getwid-media-text-slider-slide-content__image wp-image-374\" srcset=\"https:\/\/tecnopuertas.com\/wp-content\/uploads\/2022\/03\/hospital-granollers.jpg 2016w, https:\/\/tecnopuertas.com\/wp-content\/uploads\/2022\/03\/hospital-granollers-300x225.jpg 300w, https:\/\/tecnopuertas.com\/wp-content\/uploads\/2022\/03\/hospital-granollers-1024x768.jpg 1024w, https:\/\/tecnopuertas.com\/wp-content\/uploads\/2022\/03\/hospital-granollers-768x576.jpg 768w, https:\/\/tecnopuertas.com\/wp-content\/uploads\/2022\/03\/hospital-granollers-1536x1152.jpg 1536w, https:\/\/tecnopuertas.com\/wp-content\/uploads\/2022\/03\/hospital-granollers-1568x1176.jpg 1568w, https:\/\/tecnopuertas.com\/wp-content\/uploads\/2022\/03\/hospital-granollers-600x450.jpg 600w\" sizes=\"auto, (max-width: 2016px) 100vw, 2016px\" \/><div class=\"wp-block-getwid-media-text-slider-slide-content__media-overlay\" style=\"opacity:0.11\"><\/div><\/figure><div class=\"wp-block-getwid-media-text-slider-slide-content__content\"><div class=\"wp-block-getwid-media-text-slider-slide-content__content-wrapper\">\n<h3 class=\"alignfull has-text-align-center wp-block-heading\"><strong>Portes contra focs del Grup TECNOPUERTAS a l&#8217;Hospital de Granollers.<\/strong><\/h3>\n<\/div><\/div><\/div>\n<\/div><\/div>\n\n\n\n<div style=\"min-height:700px\" class=\"wp-block-getwid-media-text-slider-slide wp-block-getwid-media-text-slider-slide__content-wrapper slide-3\"><div style=\"padding-top:150px;padding-bottom:100px;padding-left:33px;padding-right:33px;min-height:700px;align-items:flex-end\" class=\"wp-block-getwid-media-text-slider-slide__content\">\n<div class=\"wp-block-getwid-media-text-slider-slide-content\"><figure class=\"wp-block-getwid-media-text-slider-slide-content__media\"><img loading=\"lazy\" decoding=\"async\" width=\"1200\" height=\"781\" src=\"http:\/\/tecnopuertas.com\/cortafuegos\/wp-content\/uploads\/2022\/03\/hospital-del-mar.png\" alt=\"L'Hospital del Mar compta amb les nostres portes tallafocs.\" class=\"wp-block-getwid-media-text-slider-slide-content__image wp-image-376\" srcset=\"https:\/\/tecnopuertas.com\/wp-content\/uploads\/2022\/03\/hospital-del-mar.png 1200w, https:\/\/tecnopuertas.com\/wp-content\/uploads\/2022\/03\/hospital-del-mar-300x195.png 300w, https:\/\/tecnopuertas.com\/wp-content\/uploads\/2022\/03\/hospital-del-mar-1024x666.png 1024w, https:\/\/tecnopuertas.com\/wp-content\/uploads\/2022\/03\/hospital-del-mar-768x500.png 768w, https:\/\/tecnopuertas.com\/wp-content\/uploads\/2022\/03\/hospital-del-mar-600x391.png 600w\" sizes=\"auto, (max-width: 1200px) 100vw, 1200px\" \/><div class=\"wp-block-getwid-media-text-slider-slide-content__media-overlay\" style=\"opacity:0.11\"><\/div><\/figure><div class=\"wp-block-getwid-media-text-slider-slide-content__content\"><div class=\"wp-block-getwid-media-text-slider-slide-content__content-wrapper\">\n<h3 class=\"alignfull has-text-align-center wp-block-heading\"><strong>Hospital de la Mar compta amb portes curta focs del Grup TECNOPUERTAS.<\/strong><\/h3>\n<\/div><\/div><\/div>\n<\/div><\/div>\n<\/div><\/div><\/div>\n\n\n\n<h2 class=\"has-text-color wp-block-heading\" style=\"color:#7f89c3\">Qui som?<\/h2>\n\n\n\n<h4 class=\"wp-block-heading\">El grup Tecno Puertas \u00e9s una empresa assentada a Catalunya amb 16 anys d&#8217;experi\u00e8ncia.<\/h4>\n\n\n\n<p>Estem especialitzats en portes tallafocs i d\u00b4alta seguretat. Comercialitzem els productes dels distribu\u00efdors capdavanters en el sector, els m\u00e9s qualificats i certificats.<\/p>\n\n\n\n<p>Som experts en seguretat i amb la nostra vocaci\u00f3 de servei donarem resposta a qualsevol necessitat del mercat ja sigui constructiva o est\u00e8tica.<\/p>\n\n\n\n<p>El nostre personal est\u00e0 a sencera disposici\u00f3 del client i la seva formaci\u00f3 \u00e9s cont\u00ednua en portes tallafocs i d&#8217;alta seguretat i en les seves constants innovacions.<\/p>\n\n\n\n<div style=\"height:33px\" aria-hidden=\"true\" class=\"wp-block-spacer\"><\/div>\n\n\n\n<figure class=\"wp-block-image size-large\"><img loading=\"lazy\" decoding=\"async\" width=\"1024\" height=\"317\" src=\"http:\/\/tecnopuertas.com\/cortafuegos\/wp-content\/uploads\/2022\/03\/Logo-tecnopuertas-animacion-2100px-1024x317.gif\" alt=\"Grupo TECNO PUERTAS\" class=\"wp-image-66\" srcset=\"https:\/\/tecnopuertas.com\/wp-content\/uploads\/2022\/03\/Logo-tecnopuertas-animacion-2100px-1024x317.gif 1024w, https:\/\/tecnopuertas.com\/wp-content\/uploads\/2022\/03\/Logo-tecnopuertas-animacion-2100px-600x186.gif 600w, https:\/\/tecnopuertas.com\/wp-content\/uploads\/2022\/03\/Logo-tecnopuertas-animacion-2100px-300x93.gif 300w, https:\/\/tecnopuertas.com\/wp-content\/uploads\/2022\/03\/Logo-tecnopuertas-animacion-2100px-768x238.gif 768w, https:\/\/tecnopuertas.com\/wp-content\/uploads\/2022\/03\/Logo-tecnopuertas-animacion-2100px-1536x475.gif 1536w, https:\/\/tecnopuertas.com\/wp-content\/uploads\/2022\/03\/Logo-tecnopuertas-animacion-2100px-2048x634.gif 2048w, https:\/\/tecnopuertas.com\/wp-content\/uploads\/2022\/03\/Logo-tecnopuertas-animacion-2100px-1568x485.gif 1568w\" sizes=\"auto, (max-width: 1024px) 100vw, 1024px\" \/><\/figure>\n\n\n\n<div class=\"wp-block-columns is-layout-flex wp-container-core-columns-is-layout-d0b3c9c8 wp-block-columns-is-layout-flex\">\n<div class=\"wp-block-column is-layout-flow wp-block-column-is-layout-flow\" style=\"--col-width:33.33%;flex-basis:33.33%\">\n<p class=\"has-extra-small-font-size\" id=\"contacto\">Avda. Sant Juli\u00e0, 206-220<br>Nave 11<br>P. Industrial Congost<br>08403 -Granollers<br><br><a href=\"mailto:info@tecnopuertas.com\"><em><strong>info@tecnopuertas.com<\/strong><\/em><\/a><\/p>\n\n\n\n<p class=\"has-text-color has-extra-small-font-size\" style=\"color:#7f89c3\"><br><strong>Central \/ oficina: <br>692 992 091<\/strong><\/p>\n\n\n\n<p class=\"has-text-color has-extra-small-font-size\" style=\"color:#7f89c3\"><strong>Administraci\u00f3:\u00a0<br><strong>646 537 739<\/strong><br><\/strong><br><strong>Comercial:<br><strong>648 059 683<\/strong><\/strong><\/p>\n<\/div>\n\n\n\n<div class=\"wp-block-column is-layout-flow wp-block-column-is-layout-flow\" style=\"--col-width:66.66%;flex-basis:66.66%\">\n<div class=\"wp-block-contact-form-7-contact-form-selector\">\n<div class=\"wpcf7 no-js\" id=\"wpcf7-f184-o1\" lang=\"es-ES\" dir=\"ltr\" data-wpcf7-id=\"184\">\n<div class=\"screen-reader-response\"><p role=\"status\" aria-live=\"polite\" aria-atomic=\"true\"><\/p> <ul><\/ul><\/div>\n<form action=\"\/index.php\/wp-json\/wp\/v2\/pages\/32#wpcf7-f184-o1\" method=\"post\" class=\"wpcf7-form init\" aria-label=\"Formulario de contacto\" novalidate=\"novalidate\" data-status=\"init\">\n<fieldset class=\"hidden-fields-container\"><input type=\"hidden\" name=\"_wpcf7\" value=\"184\" \/><input type=\"hidden\" name=\"_wpcf7_version\" value=\"6.1.5\" \/><input type=\"hidden\" name=\"_wpcf7_locale\" value=\"es_ES\" \/><input type=\"hidden\" name=\"_wpcf7_unit_tag\" value=\"wpcf7-f184-o1\" \/><input type=\"hidden\" name=\"_wpcf7_container_post\" value=\"0\" \/><input type=\"hidden\" name=\"_wpcf7_posted_data_hash\" value=\"\" \/><input type=\"hidden\" name=\"_wpcf7_recaptcha_response\" value=\"\" \/>\n<\/fieldset>\n<p><label> El teu nom<br \/>\n<span class=\"wpcf7-form-control-wrap\" data-name=\"your-name\"><input size=\"40\" maxlength=\"400\" class=\"wpcf7-form-control wpcf7-text wpcf7-validates-as-required\" aria-required=\"true\" aria-invalid=\"false\" value=\"\" type=\"text\" name=\"your-name\" \/><\/span> <\/label>\n<\/p>\n<p><label> El teu correu electr\u00f2nic<br \/>\n<span class=\"wpcf7-form-control-wrap\" data-name=\"your-email\"><input size=\"40\" maxlength=\"400\" class=\"wpcf7-form-control wpcf7-email wpcf7-validates-as-required wpcf7-text wpcf7-validates-as-email\" aria-required=\"true\" aria-invalid=\"false\" value=\"\" type=\"email\" name=\"your-email\" \/><\/span> <\/label>\n<\/p>\n<p><label> Assumpte<br \/>\n<span class=\"wpcf7-form-control-wrap\" data-name=\"your-subject\"><input size=\"40\" maxlength=\"400\" class=\"wpcf7-form-control wpcf7-text wpcf7-validates-as-required\" aria-required=\"true\" aria-invalid=\"false\" value=\"\" type=\"text\" name=\"your-subject\" \/><\/span> <\/label>\n<\/p>\n<p><label> El teu missatge (opcional)<br \/>\n<span class=\"wpcf7-form-control-wrap\" data-name=\"your-message\"><textarea cols=\"40\" rows=\"10\" maxlength=\"2000\" class=\"wpcf7-form-control wpcf7-textarea\" aria-invalid=\"false\" name=\"your-message\"><\/textarea><\/span> <\/label>\n<\/p>\n<p><input class=\"wpcf7-form-control wpcf7-submit has-spinner\" type=\"submit\" value=\"Enviar\" \/>\n<\/p><p style=\"display: none !important;\" class=\"akismet-fields-container\" data-prefix=\"_wpcf7_ak_\"><label>&#916;<textarea name=\"_wpcf7_ak_hp_textarea\" cols=\"45\" rows=\"8\" maxlength=\"100\"><\/textarea><\/label><input type=\"hidden\" id=\"ak_js_1\" name=\"_wpcf7_ak_js\" value=\"39\"\/><script>document.getElementById( \"ak_js_1\" ).setAttribute( \"value\", ( new Date() ).getTime() );<\/script><\/p><div class=\"wpcf7-response-output\" aria-hidden=\"true\"><\/div>\n<\/form>\n<\/div>\n<\/div>\n<\/div>\n<\/div>\n","protected":false},"excerpt":{"rendered":"<p>Qui som? El grup Tecno Puertas \u00e9s una empresa assentada a Catalunya amb 16 anys d&#8217;experi\u00e8ncia. Estem especialitzats en portes tallafocs i d\u00b4alta seguretat. Comercialitzem els productes dels distribu\u00efdors capdavanters en el sector, els m\u00e9s qualificats i certificats. Som experts en seguretat i amb la nostra vocaci\u00f3 de servei donarem resposta a qualsevol necessitat del&hellip; <a class=\"more-link\" href=\"https:\/\/tecnopuertas.com\/index.php\/qui-som\/\">Continueu llegint <span class=\"screen-reader-text\">Qui som?<\/span><\/a><\/p>\n","protected":false},"author":1,"featured_media":0,"parent":0,"menu_order":0,"comment_status":"closed","ping_status":"open","template":"","meta":{"footnotes":""},"class_list":["post-32","page","type-page","status-publish","hentry","entry"],"yoast_head":"<!-- This site is optimized with the Yoast SEO plugin v27.4 - https:\/\/yoast.com\/product\/yoast-seo-wordpress\/ -->\n<title>Qui som? - Grupo TECNO PUERTAS<\/title>\n<meta name=\"robots\" content=\"index, follow, max-snippet:-1, max-image-preview:large, max-video-preview:-1\" \/>\n<link rel=\"canonical\" href=\"https:\/\/tecnopuertas.com\/index.php\/qui-som\/\" \/>\n<meta property=\"og:locale\" content=\"ca_ES\" \/>\n<meta property=\"og:type\" content=\"article\" \/>\n<meta property=\"og:title\" content=\"Qui som? - Grupo TECNO PUERTAS\" \/>\n<meta property=\"og:description\" content=\"Qui som? El grup Tecno Puertas \u00e9s una empresa assentada a Catalunya amb 16 anys d&#8217;experi\u00e8ncia. Estem especialitzats en portes tallafocs i d\u00b4alta seguretat. Comercialitzem els productes dels distribu\u00efdors capdavanters en el sector, els m\u00e9s qualificats i certificats. Som experts en seguretat i amb la nostra vocaci\u00f3 de servei donarem resposta a qualsevol necessitat del&hellip; Continueu llegint Qui som?\" \/>\n<meta property=\"og:url\" content=\"https:\/\/tecnopuertas.com\/index.php\/qui-som\/\" \/>\n<meta property=\"og:site_name\" content=\"Grupo TECNO PUERTAS\" \/>\n<meta property=\"article:modified_time\" content=\"2022-05-03T10:52:01+00:00\" \/>\n<meta property=\"og:image\" content=\"https:\/\/tecnopuertas.com\/wp-content\/uploads\/2022\/05\/Logo-tecnopuertas-animacion-2-2100px.gif\" \/>\n<meta name=\"twitter:card\" content=\"summary_large_image\" \/>\n<meta name=\"twitter:label1\" content=\"Temps estimat de lectura\" \/>\n\t<meta name=\"twitter:data1\" content=\"2 minuts\" \/>\n<script type=\"application\/ld+json\" class=\"yoast-schema-graph\">{\"@context\":\"https:\\\/\\\/schema.org\",\"@graph\":[{\"@type\":\"WebPage\",\"@id\":\"https:\\\/\\\/tecnopuertas.com\\\/index.php\\\/qui-som\\\/\",\"url\":\"https:\\\/\\\/tecnopuertas.com\\\/index.php\\\/qui-som\\\/\",\"name\":\"Qui som? - Grupo TECNO PUERTAS\",\"isPartOf\":{\"@id\":\"https:\\\/\\\/tecnopuertas.com\\\/#website\"},\"primaryImageOfPage\":{\"@id\":\"https:\\\/\\\/tecnopuertas.com\\\/index.php\\\/qui-som\\\/#primaryimage\"},\"image\":{\"@id\":\"https:\\\/\\\/tecnopuertas.com\\\/index.php\\\/qui-som\\\/#primaryimage\"},\"thumbnailUrl\":\"https:\\\/\\\/tecnopuertas.com\\\/wp-content\\\/uploads\\\/2022\\\/05\\\/Logo-tecnopuertas-animacion-2-2100px.gif\",\"datePublished\":\"2022-03-10T11:30:15+00:00\",\"dateModified\":\"2022-05-03T10:52:01+00:00\",\"breadcrumb\":{\"@id\":\"https:\\\/\\\/tecnopuertas.com\\\/index.php\\\/qui-som\\\/#breadcrumb\"},\"inLanguage\":\"ca\",\"potentialAction\":[{\"@type\":\"ReadAction\",\"target\":[\"https:\\\/\\\/tecnopuertas.com\\\/index.php\\\/qui-som\\\/\"]}]},{\"@type\":\"ImageObject\",\"inLanguage\":\"ca\",\"@id\":\"https:\\\/\\\/tecnopuertas.com\\\/index.php\\\/qui-som\\\/#primaryimage\",\"url\":\"https:\\\/\\\/tecnopuertas.com\\\/wp-content\\\/uploads\\\/2022\\\/05\\\/Logo-tecnopuertas-animacion-2-2100px.gif\",\"contentUrl\":\"https:\\\/\\\/tecnopuertas.com\\\/wp-content\\\/uploads\\\/2022\\\/05\\\/Logo-tecnopuertas-animacion-2-2100px.gif\"},{\"@type\":\"BreadcrumbList\",\"@id\":\"https:\\\/\\\/tecnopuertas.com\\\/index.php\\\/qui-som\\\/#breadcrumb\",\"itemListElement\":[{\"@type\":\"ListItem\",\"position\":1,\"name\":\"Portada\",\"item\":\"https:\\\/\\\/tecnopuertas.com\\\/\"},{\"@type\":\"ListItem\",\"position\":2,\"name\":\"Qui som?\"}]},{\"@type\":\"WebSite\",\"@id\":\"https:\\\/\\\/tecnopuertas.com\\\/#website\",\"url\":\"https:\\\/\\\/tecnopuertas.com\\\/\",\"name\":\"Grupo TECNO PUERTAS\",\"description\":\"Distribu\u00efdor de portes tallafocs\",\"potentialAction\":[{\"@type\":\"SearchAction\",\"target\":{\"@type\":\"EntryPoint\",\"urlTemplate\":\"https:\\\/\\\/tecnopuertas.com\\\/?s={search_term_string}\"},\"query-input\":{\"@type\":\"PropertyValueSpecification\",\"valueRequired\":true,\"valueName\":\"search_term_string\"}}],\"inLanguage\":\"ca\"}]}<\/script>\n<!-- \/ Yoast SEO plugin. -->","yoast_head_json":{"title":"Qui som? - Grupo TECNO PUERTAS","robots":{"index":"index","follow":"follow","max-snippet":"max-snippet:-1","max-image-preview":"max-image-preview:large","max-video-preview":"max-video-preview:-1"},"canonical":"https:\/\/tecnopuertas.com\/index.php\/qui-som\/","og_locale":"ca_ES","og_type":"article","og_title":"Qui som? - Grupo TECNO PUERTAS","og_description":"Qui som? El grup Tecno Puertas \u00e9s una empresa assentada a Catalunya amb 16 anys d&#8217;experi\u00e8ncia. Estem especialitzats en portes tallafocs i d\u00b4alta seguretat. Comercialitzem els productes dels distribu\u00efdors capdavanters en el sector, els m\u00e9s qualificats i certificats. Som experts en seguretat i amb la nostra vocaci\u00f3 de servei donarem resposta a qualsevol necessitat del&hellip; Continueu llegint Qui som?","og_url":"https:\/\/tecnopuertas.com\/index.php\/qui-som\/","og_site_name":"Grupo TECNO PUERTAS","article_modified_time":"2022-05-03T10:52:01+00:00","og_image":[{"url":"https:\/\/tecnopuertas.com\/wp-content\/uploads\/2022\/05\/Logo-tecnopuertas-animacion-2-2100px.gif","type":"","width":"","height":""}],"twitter_card":"summary_large_image","twitter_misc":{"Temps estimat de lectura":"2 minuts"},"schema":{"@context":"https:\/\/schema.org","@graph":[{"@type":"WebPage","@id":"https:\/\/tecnopuertas.com\/index.php\/qui-som\/","url":"https:\/\/tecnopuertas.com\/index.php\/qui-som\/","name":"Qui som? - Grupo TECNO PUERTAS","isPartOf":{"@id":"https:\/\/tecnopuertas.com\/#website"},"primaryImageOfPage":{"@id":"https:\/\/tecnopuertas.com\/index.php\/qui-som\/#primaryimage"},"image":{"@id":"https:\/\/tecnopuertas.com\/index.php\/qui-som\/#primaryimage"},"thumbnailUrl":"https:\/\/tecnopuertas.com\/wp-content\/uploads\/2022\/05\/Logo-tecnopuertas-animacion-2-2100px.gif","datePublished":"2022-03-10T11:30:15+00:00","dateModified":"2022-05-03T10:52:01+00:00","breadcrumb":{"@id":"https:\/\/tecnopuertas.com\/index.php\/qui-som\/#breadcrumb"},"inLanguage":"ca","potentialAction":[{"@type":"ReadAction","target":["https:\/\/tecnopuertas.com\/index.php\/qui-som\/"]}]},{"@type":"ImageObject","inLanguage":"ca","@id":"https:\/\/tecnopuertas.com\/index.php\/qui-som\/#primaryimage","url":"https:\/\/tecnopuertas.com\/wp-content\/uploads\/2022\/05\/Logo-tecnopuertas-animacion-2-2100px.gif","contentUrl":"https:\/\/tecnopuertas.com\/wp-content\/uploads\/2022\/05\/Logo-tecnopuertas-animacion-2-2100px.gif"},{"@type":"BreadcrumbList","@id":"https:\/\/tecnopuertas.com\/index.php\/qui-som\/#breadcrumb","itemListElement":[{"@type":"ListItem","position":1,"name":"Portada","item":"https:\/\/tecnopuertas.com\/"},{"@type":"ListItem","position":2,"name":"Qui som?"}]},{"@type":"WebSite","@id":"https:\/\/tecnopuertas.com\/#website","url":"https:\/\/tecnopuertas.com\/","name":"Grupo TECNO PUERTAS","description":"Distribu\u00efdor de portes tallafocs","potentialAction":[{"@type":"SearchAction","target":{"@type":"EntryPoint","urlTemplate":"https:\/\/tecnopuertas.com\/?s={search_term_string}"},"query-input":{"@type":"PropertyValueSpecification","valueRequired":true,"valueName":"search_term_string"}}],"inLanguage":"ca"}]}},"_links":{"self":[{"href":"https:\/\/tecnopuertas.com\/index.php\/wp-json\/wp\/v2\/pages\/32","targetHints":{"allow":["GET"]}}],"collection":[{"href":"https:\/\/tecnopuertas.com\/index.php\/wp-json\/wp\/v2\/pages"}],"about":[{"href":"https:\/\/tecnopuertas.com\/index.php\/wp-json\/wp\/v2\/types\/page"}],"author":[{"embeddable":true,"href":"https:\/\/tecnopuertas.com\/index.php\/wp-json\/wp\/v2\/users\/1"}],"replies":[{"embeddable":true,"href":"https:\/\/tecnopuertas.com\/index.php\/wp-json\/wp\/v2\/comments?post=32"}],"version-history":[{"count":36,"href":"https:\/\/tecnopuertas.com\/index.php\/wp-json\/wp\/v2\/pages\/32\/revisions"}],"predecessor-version":[{"id":1017,"href":"https:\/\/tecnopuertas.com\/index.php\/wp-json\/wp\/v2\/pages\/32\/revisions\/1017"}],"wp:attachment":[{"href":"https:\/\/tecnopuertas.com\/index.php\/wp-json\/wp\/v2\/media?parent=32"}],"curies":[{"name":"wp","href":"https:\/\/api.w.org\/{rel}","templated":true}]}}